{"id":568,"date":"2021-05-03T23:20:09","date_gmt":"2021-05-03T23:20:09","guid":{"rendered":"https:\/\/kettiadomondshopcosmetic.com\/?page_id=568"},"modified":"2024-05-11T03:20:23","modified_gmt":"2024-05-11T07:20:23","slug":"contact","status":"publish","type":"page","link":"https:\/\/kettiadomondshopcosmetic.com\/?page_id=568","title":{"rendered":"Contact"},"content":{"rendered":"\t\t<div data-elementor-type=\"wp-page\" data-elementor-id=\"568\" class=\"elementor elementor-568\">\n\t\t\t\t<div class=\"elementor-element elementor-element-3c99b6c e-flex e-con-boxed e-con e-parent\" data-id=\"3c99b6c\" data-element_type=\"container\">\n\t\t\t\t\t<div class=\"e-con-inner\">\n\t\t<div class=\"elementor-element elementor-element-dc4dd71 e-con-full e-flex e-con e-child\" data-id=\"dc4dd71\" data-element_type=\"container\">\n\t\t\t\t<div class=\"elementor-element elementor-element-257f467 elementor-view-stacked elementor-shape-circle elementor-position-top elementor-mobile-position-top elementor-widget elementor-widget-icon-box\" data-id=\"257f467\" data-element_type=\"widget\" data-widget_type=\"icon-box.default\">\n\t\t\t\t<div class=\"elementor-widget-container\">\n\t\t\t<link rel=\"stylesheet\" href=\"https:\/\/kettiadomondshopcosmetic.com\/wp-content\/plugins\/elementor\/assets\/css\/widget-icon-box.min.css\">\t\t<div class=\"elementor-icon-box-wrapper\">\n\n\t\t\t\t\t\t<div class=\"elementor-icon-box-icon\">\n\t\t\t\t<a href=\"tel:1514-653-6319\" class=\"elementor-icon elementor-animation-\" tabindex=\"-1\">\n\t\t\t\t<svg aria-hidden=\"true\" class=\"e-font-icon-svg e-fas-phone-alt\" viewBox=\"0 0 512 512\" xmlns=\"http:\/\/www.w3.org\/2000\/svg\"><path d=\"M497.39 361.8l-112-48a24 24 0 0 0-28 6.9l-49.6 60.6A370.66 370.66 0 0 1 130.6 204.11l60.6-49.6a23.94 23.94 0 0 0 6.9-28l-48-112A24.16 24.16 0 0 0 122.6.61l-104 24A24 24 0 0 0 0 48c0 256.5 207.9 464 464 464a24 24 0 0 0 23.4-18.6l24-104a24.29 24.29 0 0 0-14.01-27.6z\"><\/path><\/svg>\t\t\t\t<\/a>\n\t\t\t<\/div>\n\t\t\t\n\t\t\t\t\t\t<div class=\"elementor-icon-box-content\">\n\n\t\t\t\t\t\t\t\t\t<h3 class=\"elementor-icon-box-title\">\n\t\t\t\t\t\t<a href=\"tel:1514-653-6319\" >\n\t\t\t\t\t\t\tAppelez-nous\t\t\t\t\t\t<\/a>\n\t\t\t\t\t<\/h3>\n\t\t\t\t\n\t\t\t\t\t\t\t\t\t<p class=\"elementor-icon-box-description\">\n\t\t\t\t\t\t514-653-6319\t\t\t\t\t<\/p>\n\t\t\t\t\n\t\t\t<\/div>\n\t\t\t\n\t\t<\/div>\n\t\t\t\t<\/div>\n\t\t\t\t<\/div>\n\t\t\t\t<\/div>\n\t\t<div class=\"elementor-element elementor-element-d89e0ef e-con-full e-flex e-con e-child\" data-id=\"d89e0ef\" data-element_type=\"container\">\n\t\t\t\t<div class=\"elementor-element elementor-element-0b63cd4 elementor-view-stacked elementor-shape-circle elementor-position-top elementor-mobile-position-top elementor-widget elementor-widget-icon-box\" data-id=\"0b63cd4\" data-element_type=\"widget\" data-widget_type=\"icon-box.default\">\n\t\t\t\t<div class=\"elementor-widget-container\">\n\t\t\t\t\t<div class=\"elementor-icon-box-wrapper\">\n\n\t\t\t\t\t\t<div class=\"elementor-icon-box-icon\">\n\t\t\t\t<a href=\"mailto:kettiadomond222@gmail.com\" class=\"elementor-icon elementor-animation-\" tabindex=\"-1\">\n\t\t\t\t<svg aria-hidden=\"true\" class=\"e-font-icon-svg e-far-envelope\" viewBox=\"0 0 512 512\" xmlns=\"http:\/\/www.w3.org\/2000\/svg\"><path d=\"M464 64H48C21.49 64 0 85.49 0 112v288c0 26.51 21.49 48 48 48h416c26.51 0 48-21.49 48-48V112c0-26.51-21.49-48-48-48zm0 48v40.805c-22.422 18.259-58.168 46.651-134.587 106.49-16.841 13.247-50.201 45.072-73.413 44.701-23.208.375-56.579-31.459-73.413-44.701C106.18 199.465 70.425 171.067 48 152.805V112h416zM48 400V214.398c22.914 18.251 55.409 43.862 104.938 82.646 21.857 17.205 60.134 55.186 103.062 54.955 42.717.231 80.509-37.199 103.053-54.947 49.528-38.783 82.032-64.401 104.947-82.653V400H48z\"><\/path><\/svg>\t\t\t\t<\/a>\n\t\t\t<\/div>\n\t\t\t\n\t\t\t\t\t\t<div class=\"elementor-icon-box-content\">\n\n\t\t\t\t\t\t\t\t\t<h3 class=\"elementor-icon-box-title\">\n\t\t\t\t\t\t<a href=\"mailto:kettiadomond222@gmail.com\" >\n\t\t\t\t\t\t\t\u00c9crivez-nous\t\t\t\t\t\t<\/a>\n\t\t\t\t\t<\/h3>\n\t\t\t\t\n\t\t\t\t\t\t\t\t\t<p class=\"elementor-icon-box-description\">\n\t\t\t\t\t\tkettiadomond222@gmail.com\t\t\t\t\t<\/p>\n\t\t\t\t\n\t\t\t<\/div>\n\t\t\t\n\t\t<\/div>\n\t\t\t\t<\/div>\n\t\t\t\t<\/div>\n\t\t\t\t<\/div>\n\t\t\t\t\t<\/div>\n\t\t\t\t<\/div>\n\t\t<div class=\"elementor-element elementor-element-7706df4 e-flex e-con-boxed e-con e-parent\" data-id=\"7706df4\" data-element_type=\"container\" data-settings=\"{&quot;background_background&quot;:&quot;classic&quot;}\">\n\t\t\t\t\t<div class=\"e-con-inner\">\n\t\t\t\t<div class=\"elementor-element elementor-element-d2319c0 elementor-widget elementor-widget-wpforms\" data-id=\"d2319c0\" data-element_type=\"widget\" data-widget_type=\"wpforms.default\">\n\t\t\t\t<div class=\"elementor-widget-container\">\n\t\t\t<div class=\"wpforms-container wpforms-container-full\" id=\"wpforms-894\"><form id=\"wpforms-form-894\" class=\"wpforms-validate wpforms-form\" data-formid=\"894\" method=\"post\" enctype=\"multipart\/form-data\" action=\"\/index.php?rest_route=%2Fwp%2Fv2%2Fpages%2F568\" data-token=\"aef7ae875bc7c4515ec98c440969c290\" data-token-time=\"1776319652\"><div class=\"wpforms-head-container\"><div class=\"wpforms-title\">Formulaire de contact<\/div><\/div><noscript class=\"wpforms-error-noscript\">Veuillez activer JavaScript dans votre navigateur pour remplir ce formulaire.<\/noscript><div class=\"wpforms-field-container\"><div id=\"wpforms-894-field_1-container\" class=\"wpforms-field wpforms-field-name\" data-field-id=\"1\"><label class=\"wpforms-field-label\" for=\"wpforms-894-field_1\">Nom <span class=\"wpforms-required-label\">*<\/span><\/label><div class=\"wpforms-field-row wpforms-field-medium\"><div class=\"wpforms-field-row-block wpforms-first wpforms-one-half\"><input type=\"text\" id=\"wpforms-894-field_1\" class=\"wpforms-field-name-first wpforms-field-required\" name=\"wpforms[fields][1][first]\" required><label for=\"wpforms-894-field_1\" class=\"wpforms-field-sublabel after \">Pr\u00e9nom<\/label><\/div><div class=\"wpforms-field-row-block wpforms-one-half\"><input type=\"text\" id=\"wpforms-894-field_1-last\" class=\"wpforms-field-name-last wpforms-field-required\" name=\"wpforms[fields][1][last]\" required><label for=\"wpforms-894-field_1-last\" class=\"wpforms-field-sublabel after \">Nom<\/label><\/div><\/div><\/div><div id=\"wpforms-894-field_2-container\" class=\"wpforms-field wpforms-field-email\" data-field-id=\"2\"><label class=\"wpforms-field-label\" for=\"wpforms-894-field_2\">E-mail <span class=\"wpforms-required-label\">*<\/span><\/label><input type=\"email\" id=\"wpforms-894-field_2\" class=\"wpforms-field-medium wpforms-field-required\" name=\"wpforms[fields][2]\" spellcheck=\"false\" required><\/div><div id=\"wpforms-894-field_5-container\" class=\"wpforms-field wpforms-field-email\" data-field-id=\"5\"><label class=\"wpforms-field-label\" for=\"wpforms-894-field_5\">T\u00e9l\u00e9phone <span class=\"wpforms-required-label\">*<\/span><\/label><input type=\"email\" id=\"wpforms-894-field_5\" class=\"wpforms-field-medium wpforms-field-required\" name=\"wpforms[fields][5]\" spellcheck=\"false\" required><\/div><div id=\"wpforms-894-field_4-container\" class=\"wpforms-field wpforms-field-textarea\" data-field-id=\"4\"><label class=\"wpforms-field-label\" for=\"wpforms-894-field_4\">Message<\/label><textarea id=\"wpforms-894-field_4\" class=\"wpforms-field-medium\" name=\"wpforms[fields][4]\" ><\/textarea><\/div><\/div><!-- .wpforms-field-container --><div class=\"wpforms-submit-container\" ><input type=\"hidden\" name=\"wpforms[id]\" value=\"894\"><input type=\"hidden\" name=\"page_title\" value=\"\"><input type=\"hidden\" name=\"page_url\" value=\"https:\/\/kettiadomondshopcosmetic.com\/index.php?rest_route=%2Fwp%2Fv2%2Fpages%2F568\"><button type=\"submit\" name=\"wpforms[submit]\" id=\"wpforms-submit-894\" class=\"wpforms-submit\" aria-live=\"assertive\" value=\"wpforms-submit\">Envoyer<\/button><\/div><\/form><\/div>  <!-- .wpforms-container -->\t\t<\/div>\n\t\t\t\t<\/div>\n\t\t\t\t\t<\/div>\n\t\t\t\t<\/div>\n\t\t\t\t<\/div>\n\t\t","protected":false},"excerpt":{"rendered":"<p>Appelez-nous 514-653-6319 \u00c9crivez-nous kettiadomond222@gmail.com Formulaire de contactVeuillez activer JavaScript dans votre navigateur pour remplir ce formulaire.Nom *Pr\u00e9nomNomE-mail *T\u00e9l\u00e9phone *Message Envoyer<\/p>\n","protected":false},"author":1,"featured_media":0,"parent":0,"menu_order":0,"comment_status":"closed","ping_status":"closed","template":"elementor_header_footer","meta":{"footnotes":""},"yoast_head":"<!-- This site is optimized with the Yoast SEO plugin v22.6 - https:\/\/yoast.com\/wordpress\/plugins\/seo\/ -->\n<title>Contact - Kettia Domond Shop Cosmetic<\/title>\n<meta name=\"robots\" content=\"index, follow, max-snippet:-1, max-image-preview:large, max-video-preview:-1\" \/>\n<link rel=\"canonical\" href=\"https:\/\/kettiadomondshopcosmetic.com\/?page_id=568\" \/>\n<meta property=\"og:locale\" content=\"fr_FR\" \/>\n<meta property=\"og:type\" content=\"article\" \/>\n<meta property=\"og:title\" content=\"Contact - Kettia Domond Shop Cosmetic\" \/>\n<meta property=\"og:description\" content=\"Appelez-nous 514-653-6319 \u00c9crivez-nous kettiadomond222@gmail.com Formulaire de contactVeuillez activer JavaScript dans votre navigateur pour remplir ce formulaire.Nom *Pr\u00e9nomNomE-mail *T\u00e9l\u00e9phone *Message Envoyer\" \/>\n<meta property=\"og:url\" content=\"https:\/\/kettiadomondshopcosmetic.com\/?page_id=568\" \/>\n<meta property=\"og:site_name\" content=\"Kettia Domond Shop Cosmetic\" \/>\n<meta property=\"article:modified_time\" content=\"2024-05-11T07:20:23+00:00\" \/>\n<meta name=\"twitter:card\" content=\"summary_large_image\" \/>\n<meta name=\"twitter:label1\" content=\"Dur\u00e9e de lecture estim\u00e9e\" \/>\n\t<meta name=\"twitter:data1\" content=\"1 minute\" \/>\n<script type=\"application\/ld+json\" class=\"yoast-schema-graph\">{\"@context\":\"https:\/\/schema.org\",\"@graph\":[{\"@type\":\"WebPage\",\"@id\":\"https:\/\/kettiadomondshopcosmetic.com\/?page_id=568\",\"url\":\"https:\/\/kettiadomondshopcosmetic.com\/?page_id=568\",\"name\":\"Contact - Kettia Domond Shop Cosmetic\",\"isPartOf\":{\"@id\":\"https:\/\/kettiadomondshopcosmetic.com\/#website\"},\"datePublished\":\"2021-05-03T23:20:09+00:00\",\"dateModified\":\"2024-05-11T07:20:23+00:00\",\"breadcrumb\":{\"@id\":\"https:\/\/kettiadomondshopcosmetic.com\/?page_id=568#breadcrumb\"},\"inLanguage\":\"fr-FR\",\"potentialAction\":[{\"@type\":\"ReadAction\",\"target\":[\"https:\/\/kettiadomondshopcosmetic.com\/?page_id=568\"]}]},{\"@type\":\"BreadcrumbList\",\"@id\":\"https:\/\/kettiadomondshopcosmetic.com\/?page_id=568#breadcrumb\",\"itemListElement\":[{\"@type\":\"ListItem\",\"position\":1,\"name\":\"Accueil\",\"item\":\"https:\/\/kettiadomondshopcosmetic.com\/\"},{\"@type\":\"ListItem\",\"position\":2,\"name\":\"Contact\"}]},{\"@type\":\"WebSite\",\"@id\":\"https:\/\/kettiadomondshopcosmetic.com\/#website\",\"url\":\"https:\/\/kettiadomondshopcosmetic.com\/\",\"name\":\"kettia Domond shop cosmetic\",\"description\":\"La reine des produits est kettia domond\",\"publisher\":{\"@id\":\"https:\/\/kettiadomondshopcosmetic.com\/#organization\"},\"potentialAction\":[{\"@type\":\"SearchAction\",\"target\":{\"@type\":\"EntryPoint\",\"urlTemplate\":\"https:\/\/kettiadomondshopcosmetic.com\/?s={search_term_string}\"},\"query-input\":\"required name=search_term_string\"}],\"inLanguage\":\"fr-FR\"},{\"@type\":\"Organization\",\"@id\":\"https:\/\/kettiadomondshopcosmetic.com\/#organization\",\"name\":\"Kettia Domond Shop Cosmetic\",\"url\":\"https:\/\/kettiadomondshopcosmetic.com\/\",\"logo\":{\"@type\":\"ImageObject\",\"inLanguage\":\"fr-FR\",\"@id\":\"https:\/\/kettiadomondshopcosmetic.com\/#\/schema\/logo\/image\/\",\"url\":\"https:\/\/kettiadomondshopcosmetic.com\/wp-content\/uploads\/2021\/04\/Black-and-Yellow-Box-Logo-4.png\",\"contentUrl\":\"https:\/\/kettiadomondshopcosmetic.com\/wp-content\/uploads\/2021\/04\/Black-and-Yellow-Box-Logo-4.png\",\"width\":500,\"height\":500,\"caption\":\"Kettia Domond Shop Cosmetic\"},\"image\":{\"@id\":\"https:\/\/kettiadomondshopcosmetic.com\/#\/schema\/logo\/image\/\"}}]}<\/script>\n<!-- \/ Yoast SEO plugin. -->","yoast_head_json":{"title":"Contact - Kettia Domond Shop Cosmetic","robots":{"index":"index","follow":"follow","max-snippet":"max-snippet:-1","max-image-preview":"max-image-preview:large","max-video-preview":"max-video-preview:-1"},"canonical":"https:\/\/kettiadomondshopcosmetic.com\/?page_id=568","og_locale":"fr_FR","og_type":"article","og_title":"Contact - Kettia Domond Shop Cosmetic","og_description":"Appelez-nous 514-653-6319 \u00c9crivez-nous kettiadomond222@gmail.com Formulaire de contactVeuillez activer JavaScript dans votre navigateur pour remplir ce formulaire.Nom *Pr\u00e9nomNomE-mail *T\u00e9l\u00e9phone *Message Envoyer","og_url":"https:\/\/kettiadomondshopcosmetic.com\/?page_id=568","og_site_name":"Kettia Domond Shop Cosmetic","article_modified_time":"2024-05-11T07:20:23+00:00","twitter_card":"summary_large_image","twitter_misc":{"Dur\u00e9e de lecture estim\u00e9e":"1 minute"},"schema":{"@context":"https:\/\/schema.org","@graph":[{"@type":"WebPage","@id":"https:\/\/kettiadomondshopcosmetic.com\/?page_id=568","url":"https:\/\/kettiadomondshopcosmetic.com\/?page_id=568","name":"Contact - Kettia Domond Shop Cosmetic","isPartOf":{"@id":"https:\/\/kettiadomondshopcosmetic.com\/#website"},"datePublished":"2021-05-03T23:20:09+00:00","dateModified":"2024-05-11T07:20:23+00:00","breadcrumb":{"@id":"https:\/\/kettiadomondshopcosmetic.com\/?page_id=568#breadcrumb"},"inLanguage":"fr-FR","potentialAction":[{"@type":"ReadAction","target":["https:\/\/kettiadomondshopcosmetic.com\/?page_id=568"]}]},{"@type":"BreadcrumbList","@id":"https:\/\/kettiadomondshopcosmetic.com\/?page_id=568#breadcrumb","itemListElement":[{"@type":"ListItem","position":1,"name":"Accueil","item":"https:\/\/kettiadomondshopcosmetic.com\/"},{"@type":"ListItem","position":2,"name":"Contact"}]},{"@type":"WebSite","@id":"https:\/\/kettiadomondshopcosmetic.com\/#website","url":"https:\/\/kettiadomondshopcosmetic.com\/","name":"kettia Domond shop cosmetic","description":"La reine des produits est kettia domond","publisher":{"@id":"https:\/\/kettiadomondshopcosmetic.com\/#organization"},"potentialAction":[{"@type":"SearchAction","target":{"@type":"EntryPoint","urlTemplate":"https:\/\/kettiadomondshopcosmetic.com\/?s={search_term_string}"},"query-input":"required name=search_term_string"}],"inLanguage":"fr-FR"},{"@type":"Organization","@id":"https:\/\/kettiadomondshopcosmetic.com\/#organization","name":"Kettia Domond Shop Cosmetic","url":"https:\/\/kettiadomondshopcosmetic.com\/","logo":{"@type":"ImageObject","inLanguage":"fr-FR","@id":"https:\/\/kettiadomondshopcosmetic.com\/#\/schema\/logo\/image\/","url":"https:\/\/kettiadomondshopcosmetic.com\/wp-content\/uploads\/2021\/04\/Black-and-Yellow-Box-Logo-4.png","contentUrl":"https:\/\/kettiadomondshopcosmetic.com\/wp-content\/uploads\/2021\/04\/Black-and-Yellow-Box-Logo-4.png","width":500,"height":500,"caption":"Kettia Domond Shop Cosmetic"},"image":{"@id":"https:\/\/kettiadomondshopcosmetic.com\/#\/schema\/logo\/image\/"}}]}},"jetpack_sharing_enabled":true,"jetpack-related-posts":[],"_links":{"self":[{"href":"https:\/\/kettiadomondshopcosmetic.com\/index.php?rest_route=\/wp\/v2\/pages\/568"}],"collection":[{"href":"https:\/\/kettiadomondshopcosmetic.com\/index.php?rest_route=\/wp\/v2\/pages"}],"about":[{"href":"https:\/\/kettiadomondshopcosmetic.com\/index.php?rest_route=\/wp\/v2\/types\/page"}],"author":[{"embeddable":true,"href":"https:\/\/kettiadomondshopcosmetic.com\/index.php?rest_route=\/wp\/v2\/users\/1"}],"replies":[{"embeddable":true,"href":"https:\/\/kettiadomondshopcosmetic.com\/index.php?rest_route=%2Fwp%2Fv2%2Fcomments&post=568"}],"version-history":[{"count":17,"href":"https:\/\/kettiadomondshopcosmetic.com\/index.php?rest_route=\/wp\/v2\/pages\/568\/revisions"}],"predecessor-version":[{"id":1610,"href":"https:\/\/kettiadomondshopcosmetic.com\/index.php?rest_route=\/wp\/v2\/pages\/568\/revisions\/1610"}],"wp:attachment":[{"href":"https:\/\/kettiadomondshopcosmetic.com\/index.php?rest_route=%2Fwp%2Fv2%2Fmedia&parent=568"}],"curies":[{"name":"wp","href":"https:\/\/api.w.org\/{rel}","templated":true}]}}