{"id":557,"date":"2021-05-03T22:48:27","date_gmt":"2021-05-03T22:48:27","guid":{"rendered":"https:\/\/kettiadomondshopcosmetic.com\/?page_id=557"},"modified":"2021-05-04T01:02:41","modified_gmt":"2021-05-04T01:02:41","slug":"termes-et-conditions","status":"publish","type":"page","link":"https:\/\/kettiadomondshopcosmetic.com\/?page_id=557","title":{"rendered":"Termes et conditions"},"content":{"rendered":"\n[section label=\u00a0\u00bbSimple Center\u00a0\u00bb bg_color=\u00a0\u00bbrgb(245, 245, 245)\u00a0\u00bb padding=\u00a0\u00bb60px\u00a0\u00bb height=\u00a0\u00bb300px\u00a0\u00bb]\n\n[row h_align=\u00a0\u00bbcenter\u00a0\u00bb]\n\n[col span=\u00a0\u00bb10&Prime; span__sm=\u00a0\u00bb12&Prime; align=\u00a0\u00bbcenter\u00a0\u00bb]\n\n<p style=\"text-align: center;\"><strong><span style=\"font-size: 140%;\">Termes et conditions<\/span><\/strong><br \/><span style=\"font-size: 100%;\">Bienvenue sur notre site kettiadomondshopcosmetic.com<\/span><br \/><span style=\"font-size: 100%;\">Nous nous sp\u00e9cialisons dans la vente de produits cosm\u00e9tiques<\/span><br \/><span style=\"font-size: 100%;\">Prenez le temps de lire ce qui suit car il contient des informations essentielles. L&rsquo;utilisation de ce site Web signifie que vous acceptez tous les termes et conditions.<\/span><br \/><span style=\"font-size: 100%;\">Nous nous r\u00e9servons le droit de modifier le contenu du site sans pr\u00e9avis.<\/span><br \/><span style=\"font-size: 100%;\">&#8211; Toute reproduction totale ou partielle du site est strictement interdite sans autorisation<\/span><br \/><span style=\"font-size: 140%;\">MODE DE PAIEMENT ACCEPT\u00c9:<\/span><br \/><span style=\"font-size: 100%;\">&#8211; Pay Pal<\/span><br \/><span style=\"font-size: 100%;\">&#8211; Carte de cr\u00e9dit<\/span><\/p>\n<p style=\"text-align: center;\"><strong><span style=\"font-size: 140%;\">LIVRAISON<\/span><\/strong><br \/><span style=\"font-size: 100%;\">Nous exp\u00e9dions partout au Canada et aux \u00c9tats-Unis. Le d\u00e9lai de livraison et les frais de livraison peuvent varier selon la province et le pays de livraison.<\/span><br \/><span style=\"font-size: 100%;\">Les frais de livraison ne sont pas remboursables sauf en cas d&rsquo;erreur de livraison de notre part<\/span><\/p>\n<p style=\"text-align: center;\"><br \/><strong><span style=\"font-size: 140%;\">POLITIQUE D&rsquo;\u00c9CHANGE, DE RETOUR ET DE REMBOURSEMENT<\/span><\/strong><\/p>\n<p style=\"text-align: center;\"><span style=\"font-size: 100%;\">&#8211; La garantie de satisfaction ne s&rsquo;applique \u00e0 aucun dommage mat\u00e9riel ou logiciel de votre part.<\/span><br \/><span style=\"font-size: 100%;\">&#8211; Pour accepter un retour d&rsquo;un produit, celui-ci doit \u00eatre retourn\u00e9 dans sa bo\u00eete d&rsquo;origine ou son emballage comprenant tous les accessoires (le cas \u00e9ch\u00e9ant). En outre, il est n\u00e9cessaire qu&rsquo;il n&rsquo;y ait aucun dommage au produit<\/span><br \/><span style=\"font-size: 100%;\">&#8211; Les produits sont \u00e9changeables sans frais suppl\u00e9mentaires pour un produit de la m\u00eame gamme et \u00e0 des prix similaires<\/span><br \/><span style=\"font-size: 100%;\">-Avant de retourner un produit, vous devez avoir une autorisation en envoyant un mail \u00e0 kettiadommond222@gmail.com<\/span><br \/><span style=\"font-size: 100%;\">&#8211; Le client est responsable des frais li\u00e9s au retour d&rsquo;un produit.<\/span><br \/><span style=\"font-size: 100%;\">&#8211; Le remboursement est effectu\u00e9 par le moyen que vous avez utilis\u00e9 pour effectuer le paiement. Si vous avez pay\u00e9 par carte de cr\u00e9dit, veuillez noter qu&rsquo;il faut 3 \u00e0 10 jours avant que le remboursement n&rsquo;apparaisse sur votre relev\u00e9 selon votre institution financi\u00e8re.<\/span><\/p>\n\n[\/col]\n\n[\/row]\n\n[\/section]\n\n","protected":false},"excerpt":{"rendered":"<p>[section label=\u00a0\u00bbSimple Center\u00a0\u00bb bg_color=\u00a0\u00bbrgb(245, 245, 245)\u00a0\u00bb padding=\u00a0\u00bb60px\u00a0\u00bb height=\u00a0\u00bb300px\u00a0\u00bb] [row h_align=\u00a0\u00bbcenter\u00a0\u00bb] [col span=\u00a0\u00bb10&Prime; span__sm=\u00a0\u00bb12&Prime; align=\u00a0\u00bbcenter\u00a0\u00bb] Termes et conditionsBienvenue sur notre site kettiadomondshopcosmetic.comNous nous sp\u00e9cialisons dans la vente de produits cosm\u00e9tiquesPrenez le temps de lire ce qui suit car il contient des informations essentielles. L&rsquo;utilisation de ce site Web signifie que vous acceptez tous les termes et [&hellip;]<\/p>\n","protected":false},"author":1,"featured_media":0,"parent":0,"menu_order":0,"comment_status":"closed","ping_status":"closed","template":"","meta":{"footnotes":""},"yoast_head":"<!-- This site is optimized with the Yoast SEO plugin v22.6 - https:\/\/yoast.com\/wordpress\/plugins\/seo\/ -->\n<title>Termes et conditions - Kettia Domond Shop Cosmetic<\/title>\n<meta name=\"robots\" content=\"index, follow, max-snippet:-1, max-image-preview:large, max-video-preview:-1\" \/>\n<link rel=\"canonical\" href=\"https:\/\/kettiadomondshopcosmetic.com\/?page_id=557\" \/>\n<meta property=\"og:locale\" content=\"fr_FR\" \/>\n<meta property=\"og:type\" content=\"article\" \/>\n<meta property=\"og:title\" content=\"Termes et conditions - Kettia Domond Shop Cosmetic\" \/>\n<meta property=\"og:description\" content=\"[section label=\u00a0\u00bbSimple Center\u00a0\u00bb bg_color=\u00a0\u00bbrgb(245, 245, 245)\u00a0\u00bb padding=\u00a0\u00bb60px\u00a0\u00bb height=\u00a0\u00bb300px\u00a0\u00bb] [row h_align=\u00a0\u00bbcenter\u00a0\u00bb] [col span=\u00a0\u00bb10&Prime; span__sm=\u00a0\u00bb12&Prime; align=\u00a0\u00bbcenter\u00a0\u00bb] Termes et conditionsBienvenue sur notre site kettiadomondshopcosmetic.comNous nous sp\u00e9cialisons dans la vente de produits cosm\u00e9tiquesPrenez le temps de lire ce qui suit car il contient des informations essentielles. L&rsquo;utilisation de ce site Web signifie que vous acceptez tous les termes et [&hellip;]\" \/>\n<meta property=\"og:url\" content=\"https:\/\/kettiadomondshopcosmetic.com\/?page_id=557\" \/>\n<meta property=\"og:site_name\" content=\"Kettia Domond Shop Cosmetic\" \/>\n<meta property=\"article:modified_time\" content=\"2021-05-04T01:02:41+00:00\" \/>\n<meta name=\"twitter:card\" content=\"summary_large_image\" \/>\n<meta name=\"twitter:label1\" content=\"Dur\u00e9e de lecture estim\u00e9e\" \/>\n\t<meta name=\"twitter:data1\" content=\"2 minutes\" \/>\n<script type=\"application\/ld+json\" class=\"yoast-schema-graph\">{\"@context\":\"https:\/\/schema.org\",\"@graph\":[{\"@type\":\"WebPage\",\"@id\":\"https:\/\/kettiadomondshopcosmetic.com\/?page_id=557\",\"url\":\"https:\/\/kettiadomondshopcosmetic.com\/?page_id=557\",\"name\":\"Termes et conditions - Kettia Domond Shop Cosmetic\",\"isPartOf\":{\"@id\":\"https:\/\/kettiadomondshopcosmetic.com\/#website\"},\"datePublished\":\"2021-05-03T22:48:27+00:00\",\"dateModified\":\"2021-05-04T01:02:41+00:00\",\"breadcrumb\":{\"@id\":\"https:\/\/kettiadomondshopcosmetic.com\/?page_id=557#breadcrumb\"},\"inLanguage\":\"fr-FR\",\"potentialAction\":[{\"@type\":\"ReadAction\",\"target\":[\"https:\/\/kettiadomondshopcosmetic.com\/?page_id=557\"]}]},{\"@type\":\"BreadcrumbList\",\"@id\":\"https:\/\/kettiadomondshopcosmetic.com\/?page_id=557#breadcrumb\",\"itemListElement\":[{\"@type\":\"ListItem\",\"position\":1,\"name\":\"Accueil\",\"item\":\"https:\/\/kettiadomondshopcosmetic.com\/\"},{\"@type\":\"ListItem\",\"position\":2,\"name\":\"Termes et conditions\"}]},{\"@type\":\"WebSite\",\"@id\":\"https:\/\/kettiadomondshopcosmetic.com\/#website\",\"url\":\"https:\/\/kettiadomondshopcosmetic.com\/\",\"name\":\"kettia Domond shop cosmetic\",\"description\":\"La reine des produits est kettia domond\",\"publisher\":{\"@id\":\"https:\/\/kettiadomondshopcosmetic.com\/#organization\"},\"potentialAction\":[{\"@type\":\"SearchAction\",\"target\":{\"@type\":\"EntryPoint\",\"urlTemplate\":\"https:\/\/kettiadomondshopcosmetic.com\/?s={search_term_string}\"},\"query-input\":\"required name=search_term_string\"}],\"inLanguage\":\"fr-FR\"},{\"@type\":\"Organization\",\"@id\":\"https:\/\/kettiadomondshopcosmetic.com\/#organization\",\"name\":\"Kettia Domond Shop Cosmetic\",\"url\":\"https:\/\/kettiadomondshopcosmetic.com\/\",\"logo\":{\"@type\":\"ImageObject\",\"inLanguage\":\"fr-FR\",\"@id\":\"https:\/\/kettiadomondshopcosmetic.com\/#\/schema\/logo\/image\/\",\"url\":\"https:\/\/kettiadomondshopcosmetic.com\/wp-content\/uploads\/2021\/04\/Black-and-Yellow-Box-Logo-4.png\",\"contentUrl\":\"https:\/\/kettiadomondshopcosmetic.com\/wp-content\/uploads\/2021\/04\/Black-and-Yellow-Box-Logo-4.png\",\"width\":500,\"height\":500,\"caption\":\"Kettia Domond Shop Cosmetic\"},\"image\":{\"@id\":\"https:\/\/kettiadomondshopcosmetic.com\/#\/schema\/logo\/image\/\"}}]}<\/script>\n<!-- \/ Yoast SEO plugin. -->","yoast_head_json":{"title":"Termes et conditions - Kettia Domond Shop Cosmetic","robots":{"index":"index","follow":"follow","max-snippet":"max-snippet:-1","max-image-preview":"max-image-preview:large","max-video-preview":"max-video-preview:-1"},"canonical":"https:\/\/kettiadomondshopcosmetic.com\/?page_id=557","og_locale":"fr_FR","og_type":"article","og_title":"Termes et conditions - Kettia Domond Shop Cosmetic","og_description":"[section label=\u00a0\u00bbSimple Center\u00a0\u00bb bg_color=\u00a0\u00bbrgb(245, 245, 245)\u00a0\u00bb padding=\u00a0\u00bb60px\u00a0\u00bb height=\u00a0\u00bb300px\u00a0\u00bb] [row h_align=\u00a0\u00bbcenter\u00a0\u00bb] [col span=\u00a0\u00bb10&Prime; span__sm=\u00a0\u00bb12&Prime; align=\u00a0\u00bbcenter\u00a0\u00bb] Termes et conditionsBienvenue sur notre site kettiadomondshopcosmetic.comNous nous sp\u00e9cialisons dans la vente de produits cosm\u00e9tiquesPrenez le temps de lire ce qui suit car il contient des informations essentielles. L&rsquo;utilisation de ce site Web signifie que vous acceptez tous les termes et [&hellip;]","og_url":"https:\/\/kettiadomondshopcosmetic.com\/?page_id=557","og_site_name":"Kettia Domond Shop Cosmetic","article_modified_time":"2021-05-04T01:02:41+00:00","twitter_card":"summary_large_image","twitter_misc":{"Dur\u00e9e de lecture estim\u00e9e":"2 minutes"},"schema":{"@context":"https:\/\/schema.org","@graph":[{"@type":"WebPage","@id":"https:\/\/kettiadomondshopcosmetic.com\/?page_id=557","url":"https:\/\/kettiadomondshopcosmetic.com\/?page_id=557","name":"Termes et conditions - Kettia Domond Shop Cosmetic","isPartOf":{"@id":"https:\/\/kettiadomondshopcosmetic.com\/#website"},"datePublished":"2021-05-03T22:48:27+00:00","dateModified":"2021-05-04T01:02:41+00:00","breadcrumb":{"@id":"https:\/\/kettiadomondshopcosmetic.com\/?page_id=557#breadcrumb"},"inLanguage":"fr-FR","potentialAction":[{"@type":"ReadAction","target":["https:\/\/kettiadomondshopcosmetic.com\/?page_id=557"]}]},{"@type":"BreadcrumbList","@id":"https:\/\/kettiadomondshopcosmetic.com\/?page_id=557#breadcrumb","itemListElement":[{"@type":"ListItem","position":1,"name":"Accueil","item":"https:\/\/kettiadomondshopcosmetic.com\/"},{"@type":"ListItem","position":2,"name":"Termes et conditions"}]},{"@type":"WebSite","@id":"https:\/\/kettiadomondshopcosmetic.com\/#website","url":"https:\/\/kettiadomondshopcosmetic.com\/","name":"kettia Domond shop cosmetic","description":"La reine des produits est kettia domond","publisher":{"@id":"https:\/\/kettiadomondshopcosmetic.com\/#organization"},"potentialAction":[{"@type":"SearchAction","target":{"@type":"EntryPoint","urlTemplate":"https:\/\/kettiadomondshopcosmetic.com\/?s={search_term_string}"},"query-input":"required name=search_term_string"}],"inLanguage":"fr-FR"},{"@type":"Organization","@id":"https:\/\/kettiadomondshopcosmetic.com\/#organization","name":"Kettia Domond Shop Cosmetic","url":"https:\/\/kettiadomondshopcosmetic.com\/","logo":{"@type":"ImageObject","inLanguage":"fr-FR","@id":"https:\/\/kettiadomondshopcosmetic.com\/#\/schema\/logo\/image\/","url":"https:\/\/kettiadomondshopcosmetic.com\/wp-content\/uploads\/2021\/04\/Black-and-Yellow-Box-Logo-4.png","contentUrl":"https:\/\/kettiadomondshopcosmetic.com\/wp-content\/uploads\/2021\/04\/Black-and-Yellow-Box-Logo-4.png","width":500,"height":500,"caption":"Kettia Domond Shop Cosmetic"},"image":{"@id":"https:\/\/kettiadomondshopcosmetic.com\/#\/schema\/logo\/image\/"}}]}},"jetpack_sharing_enabled":true,"jetpack-related-posts":[],"_links":{"self":[{"href":"https:\/\/kettiadomondshopcosmetic.com\/index.php?rest_route=\/wp\/v2\/pages\/557"}],"collection":[{"href":"https:\/\/kettiadomondshopcosmetic.com\/index.php?rest_route=\/wp\/v2\/pages"}],"about":[{"href":"https:\/\/kettiadomondshopcosmetic.com\/index.php?rest_route=\/wp\/v2\/types\/page"}],"author":[{"embeddable":true,"href":"https:\/\/kettiadomondshopcosmetic.com\/index.php?rest_route=\/wp\/v2\/users\/1"}],"replies":[{"embeddable":true,"href":"https:\/\/kettiadomondshopcosmetic.com\/index.php?rest_route=%2Fwp%2Fv2%2Fcomments&post=557"}],"version-history":[{"count":4,"href":"https:\/\/kettiadomondshopcosmetic.com\/index.php?rest_route=\/wp\/v2\/pages\/557\/revisions"}],"predecessor-version":[{"id":573,"href":"https:\/\/kettiadomondshopcosmetic.com\/index.php?rest_route=\/wp\/v2\/pages\/557\/revisions\/573"}],"wp:attachment":[{"href":"https:\/\/kettiadomondshopcosmetic.com\/index.php?rest_route=%2Fwp%2Fv2%2Fmedia&parent=557"}],"curies":[{"name":"wp","href":"https:\/\/api.w.org\/{rel}","templated":true}]}}