{"id":3,"date":"2021-04-16T05:10:02","date_gmt":"2021-04-16T05:10:02","guid":{"rendered":"https:\/\/kettiadomondshopcosmetic.com\/?page_id=3"},"modified":"2021-05-04T02:52:51","modified_gmt":"2021-05-04T02:52:51","slug":"politique-privee","status":"publish","type":"page","link":"https:\/\/kettiadomondshopcosmetic.com\/?page_id=3","title":{"rendered":"Politique priv\u00e9e"},"content":{"rendered":"\n[section label=\u00a0\u00bbSimple Center\u00a0\u00bb bg_color=\u00a0\u00bbrgb(245, 245, 245)\u00a0\u00bb padding=\u00a0\u00bb60px\u00a0\u00bb height=\u00a0\u00bb300px\u00a0\u00bb]\n\n[row h_align=\u00a0\u00bbcenter\u00a0\u00bb]\n\n[col span=\u00a0\u00bb10&Prime; span__sm=\u00a0\u00bb12&Prime; align=\u00a0\u00bbcenter\u00a0\u00bb]\n\n<p style=\"text-align: center;\">\u00a0<\/p>\n<p style=\"text-align: center;\"><strong><span style=\"font-size: 200%;\">Politique de confidentialit\u00e9<\/span><\/strong><\/p>\n<p style=\"text-align: center;\">Lorsque vous utilisez nos produits ou notre site Web, des informations personnellement identifiables peuvent vous \u00eatre demand\u00e9es telles que votre nom, adresse, adresse e-mail et num\u00e9ro de t\u00e9l\u00e9phone. En nous donnant ces informations, vous devrez consentir en les utilisant de la mani\u00e8re d\u00e9crite dans cette politique. Vous pouvez retirer votre consentement \u00e0 tout moment en nous envoyant un e-mail \u00e0 Kettiadomond222@gmail.com Nous retournerons ou d\u00e9truirons vos informations personnelles dans les cinq jours suivant la r\u00e9ception de votre retrait de consentement<\/p>\n<p style=\"text-align: center;\">Kettia Domond shop cosmetic\u00a0 s&rsquo;engage \u00e0 prot\u00e9ger vos informations personnelles en appliquant<br \/>toutes les mesures de s\u00e9curit\u00e9 n\u00e9cessaires pour \u00e9viter la perte, le vol ou l&rsquo;acc\u00e8s non autoris\u00e9 \u00e0 votre<br \/>Informations.<br \/>Nous nous engageons \u00e0 respecter la confidentialit\u00e9. Vos informations personnelles ne seront pas vendues<br \/>Ou pat\u00e9 \u00e0 un tiers.<br \/>Nous pouvons utiliser vos coordonn\u00e9es pour vous tenir inform\u00e9 de la mise \u00e0 jour de votre commande,<br \/>Et vous gardez des informations sur nos nouveaut\u00e9s et promotions int\u00e9ressantes.<br \/><br \/><\/p>\n<p>\u00a0<\/p>\n\n[\/col]\n\n[\/row]\n\n[\/section]\n\n","protected":false},"excerpt":{"rendered":"<p>[section label=\u00a0\u00bbSimple Center\u00a0\u00bb bg_color=\u00a0\u00bbrgb(245, 245, 245)\u00a0\u00bb padding=\u00a0\u00bb60px\u00a0\u00bb height=\u00a0\u00bb300px\u00a0\u00bb] [row h_align=\u00a0\u00bbcenter\u00a0\u00bb] [col span=\u00a0\u00bb10&Prime; span__sm=\u00a0\u00bb12&Prime; align=\u00a0\u00bbcenter\u00a0\u00bb] \u00a0 Politique de confidentialit\u00e9 Lorsque vous utilisez nos produits ou notre site Web, des informations personnellement identifiables peuvent vous \u00eatre demand\u00e9es telles que votre nom, adresse, adresse e-mail et num\u00e9ro de t\u00e9l\u00e9phone. En nous donnant ces informations, vous devrez consentir en [&hellip;]<\/p>\n","protected":false},"author":1,"featured_media":0,"parent":0,"menu_order":0,"comment_status":"closed","ping_status":"closed","template":"","meta":{"footnotes":""},"yoast_head":"<!-- This site is optimized with the Yoast SEO plugin v22.6 - https:\/\/yoast.com\/wordpress\/plugins\/seo\/ -->\n<title>Politique priv\u00e9e - Kettia Domond Shop Cosmetic<\/title>\n<meta name=\"robots\" content=\"index, follow, max-snippet:-1, max-image-preview:large, max-video-preview:-1\" \/>\n<link rel=\"canonical\" href=\"https:\/\/kettiadomondshopcosmetic.com\/?page_id=3\" \/>\n<meta property=\"og:locale\" content=\"fr_FR\" \/>\n<meta property=\"og:type\" content=\"article\" \/>\n<meta property=\"og:title\" content=\"Politique priv\u00e9e - Kettia Domond Shop Cosmetic\" \/>\n<meta property=\"og:description\" content=\"[section label=\u00a0\u00bbSimple Center\u00a0\u00bb bg_color=\u00a0\u00bbrgb(245, 245, 245)\u00a0\u00bb padding=\u00a0\u00bb60px\u00a0\u00bb height=\u00a0\u00bb300px\u00a0\u00bb] [row h_align=\u00a0\u00bbcenter\u00a0\u00bb] [col span=\u00a0\u00bb10&Prime; span__sm=\u00a0\u00bb12&Prime; align=\u00a0\u00bbcenter\u00a0\u00bb] \u00a0 Politique de confidentialit\u00e9 Lorsque vous utilisez nos produits ou notre site Web, des informations personnellement identifiables peuvent vous \u00eatre demand\u00e9es telles que votre nom, adresse, adresse e-mail et num\u00e9ro de t\u00e9l\u00e9phone. En nous donnant ces informations, vous devrez consentir en [&hellip;]\" \/>\n<meta property=\"og:url\" content=\"https:\/\/kettiadomondshopcosmetic.com\/?page_id=3\" \/>\n<meta property=\"og:site_name\" content=\"Kettia Domond Shop Cosmetic\" \/>\n<meta property=\"article:modified_time\" content=\"2021-05-04T02:52:51+00:00\" \/>\n<meta name=\"twitter:card\" content=\"summary_large_image\" \/>\n<meta name=\"twitter:label1\" content=\"Dur\u00e9e de lecture estim\u00e9e\" \/>\n\t<meta name=\"twitter:data1\" content=\"1 minute\" \/>\n<script type=\"application\/ld+json\" class=\"yoast-schema-graph\">{\"@context\":\"https:\/\/schema.org\",\"@graph\":[{\"@type\":\"WebPage\",\"@id\":\"https:\/\/kettiadomondshopcosmetic.com\/?page_id=3\",\"url\":\"https:\/\/kettiadomondshopcosmetic.com\/?page_id=3\",\"name\":\"Politique priv\u00e9e - Kettia Domond Shop Cosmetic\",\"isPartOf\":{\"@id\":\"https:\/\/kettiadomondshopcosmetic.com\/#website\"},\"datePublished\":\"2021-04-16T05:10:02+00:00\",\"dateModified\":\"2021-05-04T02:52:51+00:00\",\"breadcrumb\":{\"@id\":\"https:\/\/kettiadomondshopcosmetic.com\/?page_id=3#breadcrumb\"},\"inLanguage\":\"fr-FR\",\"potentialAction\":[{\"@type\":\"ReadAction\",\"target\":[\"https:\/\/kettiadomondshopcosmetic.com\/?page_id=3\"]}]},{\"@type\":\"BreadcrumbList\",\"@id\":\"https:\/\/kettiadomondshopcosmetic.com\/?page_id=3#breadcrumb\",\"itemListElement\":[{\"@type\":\"ListItem\",\"position\":1,\"name\":\"Accueil\",\"item\":\"https:\/\/kettiadomondshopcosmetic.com\/\"},{\"@type\":\"ListItem\",\"position\":2,\"name\":\"Politique priv\u00e9e\"}]},{\"@type\":\"WebSite\",\"@id\":\"https:\/\/kettiadomondshopcosmetic.com\/#website\",\"url\":\"https:\/\/kettiadomondshopcosmetic.com\/\",\"name\":\"kettia Domond shop cosmetic\",\"description\":\"La reine des produits est kettia domond\",\"publisher\":{\"@id\":\"https:\/\/kettiadomondshopcosmetic.com\/#organization\"},\"potentialAction\":[{\"@type\":\"SearchAction\",\"target\":{\"@type\":\"EntryPoint\",\"urlTemplate\":\"https:\/\/kettiadomondshopcosmetic.com\/?s={search_term_string}\"},\"query-input\":\"required name=search_term_string\"}],\"inLanguage\":\"fr-FR\"},{\"@type\":\"Organization\",\"@id\":\"https:\/\/kettiadomondshopcosmetic.com\/#organization\",\"name\":\"Kettia Domond Shop Cosmetic\",\"url\":\"https:\/\/kettiadomondshopcosmetic.com\/\",\"logo\":{\"@type\":\"ImageObject\",\"inLanguage\":\"fr-FR\",\"@id\":\"https:\/\/kettiadomondshopcosmetic.com\/#\/schema\/logo\/image\/\",\"url\":\"https:\/\/kettiadomondshopcosmetic.com\/wp-content\/uploads\/2021\/04\/Black-and-Yellow-Box-Logo-4.png\",\"contentUrl\":\"https:\/\/kettiadomondshopcosmetic.com\/wp-content\/uploads\/2021\/04\/Black-and-Yellow-Box-Logo-4.png\",\"width\":500,\"height\":500,\"caption\":\"Kettia Domond Shop Cosmetic\"},\"image\":{\"@id\":\"https:\/\/kettiadomondshopcosmetic.com\/#\/schema\/logo\/image\/\"}}]}<\/script>\n<!-- \/ Yoast SEO plugin. -->","yoast_head_json":{"title":"Politique priv\u00e9e - Kettia Domond Shop Cosmetic","robots":{"index":"index","follow":"follow","max-snippet":"max-snippet:-1","max-image-preview":"max-image-preview:large","max-video-preview":"max-video-preview:-1"},"canonical":"https:\/\/kettiadomondshopcosmetic.com\/?page_id=3","og_locale":"fr_FR","og_type":"article","og_title":"Politique priv\u00e9e - Kettia Domond Shop Cosmetic","og_description":"[section label=\u00a0\u00bbSimple Center\u00a0\u00bb bg_color=\u00a0\u00bbrgb(245, 245, 245)\u00a0\u00bb padding=\u00a0\u00bb60px\u00a0\u00bb height=\u00a0\u00bb300px\u00a0\u00bb] [row h_align=\u00a0\u00bbcenter\u00a0\u00bb] [col span=\u00a0\u00bb10&Prime; span__sm=\u00a0\u00bb12&Prime; align=\u00a0\u00bbcenter\u00a0\u00bb] \u00a0 Politique de confidentialit\u00e9 Lorsque vous utilisez nos produits ou notre site Web, des informations personnellement identifiables peuvent vous \u00eatre demand\u00e9es telles que votre nom, adresse, adresse e-mail et num\u00e9ro de t\u00e9l\u00e9phone. En nous donnant ces informations, vous devrez consentir en [&hellip;]","og_url":"https:\/\/kettiadomondshopcosmetic.com\/?page_id=3","og_site_name":"Kettia Domond Shop Cosmetic","article_modified_time":"2021-05-04T02:52:51+00:00","twitter_card":"summary_large_image","twitter_misc":{"Dur\u00e9e de lecture estim\u00e9e":"1 minute"},"schema":{"@context":"https:\/\/schema.org","@graph":[{"@type":"WebPage","@id":"https:\/\/kettiadomondshopcosmetic.com\/?page_id=3","url":"https:\/\/kettiadomondshopcosmetic.com\/?page_id=3","name":"Politique priv\u00e9e - Kettia Domond Shop Cosmetic","isPartOf":{"@id":"https:\/\/kettiadomondshopcosmetic.com\/#website"},"datePublished":"2021-04-16T05:10:02+00:00","dateModified":"2021-05-04T02:52:51+00:00","breadcrumb":{"@id":"https:\/\/kettiadomondshopcosmetic.com\/?page_id=3#breadcrumb"},"inLanguage":"fr-FR","potentialAction":[{"@type":"ReadAction","target":["https:\/\/kettiadomondshopcosmetic.com\/?page_id=3"]}]},{"@type":"BreadcrumbList","@id":"https:\/\/kettiadomondshopcosmetic.com\/?page_id=3#breadcrumb","itemListElement":[{"@type":"ListItem","position":1,"name":"Accueil","item":"https:\/\/kettiadomondshopcosmetic.com\/"},{"@type":"ListItem","position":2,"name":"Politique priv\u00e9e"}]},{"@type":"WebSite","@id":"https:\/\/kettiadomondshopcosmetic.com\/#website","url":"https:\/\/kettiadomondshopcosmetic.com\/","name":"kettia Domond shop cosmetic","description":"La reine des produits est kettia domond","publisher":{"@id":"https:\/\/kettiadomondshopcosmetic.com\/#organization"},"potentialAction":[{"@type":"SearchAction","target":{"@type":"EntryPoint","urlTemplate":"https:\/\/kettiadomondshopcosmetic.com\/?s={search_term_string}"},"query-input":"required name=search_term_string"}],"inLanguage":"fr-FR"},{"@type":"Organization","@id":"https:\/\/kettiadomondshopcosmetic.com\/#organization","name":"Kettia Domond Shop Cosmetic","url":"https:\/\/kettiadomondshopcosmetic.com\/","logo":{"@type":"ImageObject","inLanguage":"fr-FR","@id":"https:\/\/kettiadomondshopcosmetic.com\/#\/schema\/logo\/image\/","url":"https:\/\/kettiadomondshopcosmetic.com\/wp-content\/uploads\/2021\/04\/Black-and-Yellow-Box-Logo-4.png","contentUrl":"https:\/\/kettiadomondshopcosmetic.com\/wp-content\/uploads\/2021\/04\/Black-and-Yellow-Box-Logo-4.png","width":500,"height":500,"caption":"Kettia Domond Shop Cosmetic"},"image":{"@id":"https:\/\/kettiadomondshopcosmetic.com\/#\/schema\/logo\/image\/"}}]}},"jetpack_sharing_enabled":true,"jetpack-related-posts":[],"_links":{"self":[{"href":"https:\/\/kettiadomondshopcosmetic.com\/index.php?rest_route=\/wp\/v2\/pages\/3"}],"collection":[{"href":"https:\/\/kettiadomondshopcosmetic.com\/index.php?rest_route=\/wp\/v2\/pages"}],"about":[{"href":"https:\/\/kettiadomondshopcosmetic.com\/index.php?rest_route=\/wp\/v2\/types\/page"}],"author":[{"embeddable":true,"href":"https:\/\/kettiadomondshopcosmetic.com\/index.php?rest_route=\/wp\/v2\/users\/1"}],"replies":[{"embeddable":true,"href":"https:\/\/kettiadomondshopcosmetic.com\/index.php?rest_route=%2Fwp%2Fv2%2Fcomments&post=3"}],"version-history":[{"count":4,"href":"https:\/\/kettiadomondshopcosmetic.com\/index.php?rest_route=\/wp\/v2\/pages\/3\/revisions"}],"predecessor-version":[{"id":574,"href":"https:\/\/kettiadomondshopcosmetic.com\/index.php?rest_route=\/wp\/v2\/pages\/3\/revisions\/574"}],"wp:attachment":[{"href":"https:\/\/kettiadomondshopcosmetic.com\/index.php?rest_route=%2Fwp%2Fv2%2Fmedia&parent=3"}],"curies":[{"name":"wp","href":"https:\/\/api.w.org\/{rel}","templated":true}]}}